{"id":1285,"date":"2024-10-03T13:05:22","date_gmt":"2024-10-03T13:05:22","guid":{"rendered":"https:\/\/honer.com.tr\/?page_id=1285"},"modified":"2024-10-03T17:55:10","modified_gmt":"2024-10-03T17:55:10","slug":"energy","status":"publish","type":"page","link":"https:\/\/honer.com.tr\/tr\/energy\/","title":{"rendered":"energy"},"content":{"rendered":"<div class=\"wp-block-group alignfull has-background-color has-white-color has-black-background-color has-text-color has-background has-link-color wp-elements-a7bcdc1312ed759bd27e914359300693 is-layout-constrained wp-container-core-group-is-layout-23b1a4dc wp-block-group-is-layout-constrained\" style=\"padding-top:var(--wp--preset--spacing--30);padding-right:var(--wp--preset--spacing--30);padding-bottom:var(--wp--preset--spacing--30);padding-left:var(--wp--preset--spacing--30)\">\n<div class=\"wp-block-group alignwide is-content-justification-space-between is-layout-flex wp-container-core-group-is-layout-b585a4aa wp-block-group-is-layout-flex\">\n<div class=\"wp-block-group is-layout-flex wp-block-group-is-layout-flex\"><div class=\"is-default-size wp-block-site-logo\"><a href=\"https:\/\/honer.com.tr\/tr\/\" class=\"custom-logo-link\" rel=\"home\"><img loading=\"lazy\" decoding=\"async\" width=\"800\" height=\"800\" src=\"https:\/\/i0.wp.com\/honer.com.tr\/wp-content\/uploads\/2023\/09\/transparent.png?fit=800%2C800&amp;ssl=1\" class=\"custom-logo\" alt=\"HONER\" srcset=\"https:\/\/i0.wp.com\/honer.com.tr\/wp-content\/uploads\/2023\/09\/transparent.png?w=800&amp;ssl=1 800w, https:\/\/i0.wp.com\/honer.com.tr\/wp-content\/uploads\/2023\/09\/transparent.png?resize=300%2C300&amp;ssl=1 300w, https:\/\/i0.wp.com\/honer.com.tr\/wp-content\/uploads\/2023\/09\/transparent.png?resize=150%2C150&amp;ssl=1 150w, https:\/\/i0.wp.com\/honer.com.tr\/wp-content\/uploads\/2023\/09\/transparent.png?resize=768%2C768&amp;ssl=1 768w\" sizes=\"auto, (max-width: 800px) 100vw, 800px\" \/><\/a><\/div>\n\n<h1 class=\"has-link-color wp-elements-f1e98d6c897e424c7d4e8232ded39f0a wp-block-site-title\"><a href=\"https:\/\/honer.com.tr\/tr\" target=\"_self\" rel=\"home\">HONER<\/a><\/h1><\/div>\n\n\n\n<div class=\"wp-block-group is-layout-flex wp-block-group-is-layout-flex\"><nav class=\"is-responsive items-justified-right wp-block-navigation is-content-justification-right is-layout-flex wp-container-core-navigation-is-layout-f665d2b5 wp-block-navigation-is-layout-flex\" aria-label=\"\u00dcst bilgi gezinmesi\" \n\t\t data-wp-interactive=\"core\/navigation\" data-wp-context='{\"overlayOpenedBy\":{\"click\":false,\"hover\":false,\"focus\":false},\"type\":\"overlay\",\"roleAttribute\":\"\",\"ariaLabel\":\"Men\\u00fc\"}'><button aria-haspopup=\"dialog\" aria-label=\"Men\u00fcy\u00fc a\u00e7\" class=\"wp-block-navigation__responsive-container-open\" \n\t\t\t\tdata-wp-on--click=\"actions.openMenuOnClick\"\n\t\t\t\tdata-wp-on--keydown=\"actions.handleMenuKeydown\"\n\t\t\t><svg width=\"24\" height=\"24\" xmlns=\"http:\/\/www.w3.org\/2000\/svg\" viewbox=\"0 0 24 24\" aria-hidden=\"true\" focusable=\"false\"><path d=\"M4 7.5h16v1.5H4z\"><\/path><path d=\"M4 15h16v1.5H4z\"><\/path><\/svg><\/button>\n\t\t\t\t<div class=\"wp-block-navigation__responsive-container\"  id=\"modal-1\" \n\t\t\t\tdata-wp-class--has-modal-open=\"state.isMenuOpen\"\n\t\t\t\tdata-wp-class--is-menu-open=\"state.isMenuOpen\"\n\t\t\t\tdata-wp-watch=\"callbacks.initMenu\"\n\t\t\t\tdata-wp-on--keydown=\"actions.handleMenuKeydown\"\n\t\t\t\tdata-wp-on--focusout=\"actions.handleMenuFocusout\"\n\t\t\t\ttabindex=\"-1\"\n\t\t\t>\n\t\t\t\t\t<div class=\"wp-block-navigation__responsive-close\" tabindex=\"-1\">\n\t\t\t\t\t\t<div class=\"wp-block-navigation__responsive-dialog\" \n\t\t\t\tdata-wp-bind--aria-modal=\"state.ariaModal\"\n\t\t\t\tdata-wp-bind--aria-label=\"state.ariaLabel\"\n\t\t\t\tdata-wp-bind--role=\"state.roleAttribute\"\n\t\t\t>\n\t\t\t\t\t\t\t<button aria-label=\"Men\u00fcy\u00fc kapat\" class=\"wp-block-navigation__responsive-container-close\" \n\t\t\t\tdata-wp-on--click=\"actions.closeMenuOnClick\"\n\t\t\t><svg xmlns=\"http:\/\/www.w3.org\/2000\/svg\" viewbox=\"0 0 24 24\" width=\"24\" height=\"24\" aria-hidden=\"true\" focusable=\"false\"><path d=\"m13.06 12 6.47-6.47-1.06-1.06L12 10.94 5.53 4.47 4.47 5.53 10.94 12l-6.47 6.47 1.06 1.06L12 13.06l6.47 6.47 1.06-1.06L13.06 12Z\"><\/path><\/svg><\/button>\n\t\t\t\t\t\t\t<div class=\"wp-block-navigation__responsive-container-content\" \n\t\t\t\tdata-wp-watch=\"callbacks.focusFirstElement\"\n\t\t\t id=\"modal-1-content\">\n\t\t\t\t\t\t\t\t\n\t\t\t\t\t\t\t<\/div>\n\t\t\t\t\t\t<\/div>\n\t\t\t\t\t<\/div>\n\t\t\t\t<\/div><\/nav><\/div>\n<\/div>\n<\/div>\n\n\n\n<div class=\"section-wrapper\" data-id=\"7N5SuS\"><section class=\"wp-block-gutenverse-section guten-element guten-section guten-7N5SuS layout-boxed align-stretch\"><div class=\"guten-background-overlay\"><\/div><div class=\"guten-shape-divider guten-shape-divider-top\"><\/div><div class=\"guten-shape-divider guten-shape-divider-bottom\"><\/div><div class=\"guten-container guten-column-gap-default\">\n<div class=\"wp-block-gutenverse-column guten-element guten-column guten-p8ENVG\"><div class=\"guten-background-overlay\"><\/div><div class=\"sticky-wrapper\" data-id=\"p8ENVG\"><div class=\"guten-column-wrapper\"><\/div><\/div><\/div>\n<\/div><\/section><\/div>\n\n\n\n<p><\/p>\n\n\n\n<div class=\"wp-block-group alignfull has-background-color has-white-color has-black-background-color has-text-color has-background has-link-color wp-elements-92506c4cb99f6602d068d7553bd4768a is-vertical is-content-justification-stretch is-layout-flex wp-container-core-group-is-layout-48a3dbfb wp-block-group-is-layout-flex\" style=\"min-height:40vh;margin-top:0;margin-bottom:0;padding-top:var(--wp--preset--spacing--60);padding-right:var(--wp--preset--spacing--40);padding-bottom:var(--wp--preset--spacing--60);padding-left:var(--wp--preset--spacing--40)\">\n<div class=\"wp-block-columns alignwide has-small-font-size is-layout-flex wp-container-core-columns-is-layout-28f84493 wp-block-columns-is-layout-flex\">\n<div class=\"wp-block-column is-layout-flow wp-block-column-is-layout-flow\">\n<p class=\"has-text-align-center\">Location<\/p>\n\n\n\n<p class=\"has-text-align-center\">2020 Lomita Blvd,&nbsp;<br>Torrance, CA 90101<br>United States<\/p>\n\n\n\n<div style=\"height:24px\" aria-hidden=\"true\" class=\"wp-block-spacer\"><\/div>\n<\/div>\n\n\n\n<div class=\"wp-block-column is-layout-flow wp-block-column-is-layout-flow\">\n<p class=\"has-text-align-center\">Pages<\/p>\n\n\n<nav class=\"has-small-font-size items-justified-center is-vertical no-wrap wp-block-navigation is-content-justification-center is-nowrap is-layout-flex wp-container-core-navigation-is-layout-34a3ecb2 wp-block-navigation-is-layout-flex\" aria-label=\"\u00dcst bilgi gezinmesi 2\"><\/nav>\n\n\n<div style=\"height:24px\" aria-hidden=\"true\" class=\"wp-block-spacer\"><\/div>\n<\/div>\n\n\n\n<div class=\"wp-block-column is-layout-flow wp-block-column-is-layout-flow\">\n<p class=\"has-text-align-center\">Follow us<\/p>\n\n\n\n<div class=\"wp-block-group is-vertical is-content-justification-center is-layout-flex wp-container-core-group-is-layout-0e868306 wp-block-group-is-layout-flex\">\n<p><a href=\"#\">Facebook<\/a><\/p>\n\n\n\n<p><a href=\"#\">Instagram<\/a><\/p>\n\n\n\n<p><a href=\"#\">Twitter<\/a><\/p>\n<\/div>\n\n\n\n<div style=\"height:24px\" aria-hidden=\"true\" class=\"wp-block-spacer\"><\/div>\n<\/div>\n<\/div>\n\n\n\n<div class=\"wp-block-group alignwide is-content-justification-center is-layout-flex wp-container-core-group-is-layout-c124d1c4 wp-block-group-is-layout-flex\">\n<p class=\"has-text-align-center has-small-font-size\"> Proudly powered by <a rel=\"nofollow\" href=\"https:\/\/wordpress.org\">WordPress<\/a> <\/p>\n<\/div>\n<\/div>","protected":false},"excerpt":{"rendered":"<p>Location 2020 Lomita Blvd,&nbsp;Torrance, CA 90101United States Pages Follow us Facebook Instagram Twitter Proudly powered by WordPress<\/p>","protected":false},"author":1,"featured_media":0,"parent":0,"menu_order":0,"comment_status":"closed","ping_status":"closed","template":"","meta":{"jetpack_post_was_ever_published":false,"footnotes":""},"class_list":["post-1285","page","type-page","status-publish","hentry"],"yoast_head":"<!-- This site is optimized with the Yoast SEO plugin v22.0 - https:\/\/yoast.com\/wordpress\/plugins\/seo\/ -->\n<title>energy - HONER<\/title>\n<meta name=\"robots\" content=\"index, follow, max-snippet:-1, max-image-preview:large, max-video-preview:-1\" \/>\n<link rel=\"canonical\" href=\"https:\/\/honer.com.tr\/tr\/energy\/\" \/>\n<meta property=\"og:locale\" content=\"tr_TR\" \/>\n<meta property=\"og:type\" content=\"article\" \/>\n<meta property=\"og:title\" content=\"energy - HONER\" \/>\n<meta property=\"og:description\" content=\"Location 2020 Lomita Blvd,&nbsp;Torrance, CA 90101United States Pages Follow us Facebook Instagram Twitter Proudly powered by WordPress\" \/>\n<meta property=\"og:url\" content=\"https:\/\/honer.com.tr\/tr\/energy\/\" \/>\n<meta property=\"og:site_name\" content=\"HONER\" \/>\n<meta property=\"article:modified_time\" content=\"2024-10-03T17:55:10+00:00\" \/>\n<meta name=\"twitter:card\" content=\"summary_large_image\" \/>\n<meta name=\"twitter:label1\" content=\"Tahmini okuma s\u00fcresi\" \/>\n\t<meta name=\"twitter:data1\" content=\"1 dakika\" \/>\n<script type=\"application\/ld+json\" class=\"yoast-schema-graph\">{\"@context\":\"https:\/\/schema.org\",\"@graph\":[{\"@type\":\"WebPage\",\"@id\":\"https:\/\/honer.com.tr\/energy\/\",\"url\":\"https:\/\/honer.com.tr\/energy\/\",\"name\":\"energy - HONER\",\"isPartOf\":{\"@id\":\"https:\/\/honer.com.tr\/#website\"},\"datePublished\":\"2024-10-03T13:05:22+00:00\",\"dateModified\":\"2024-10-03T17:55:10+00:00\",\"breadcrumb\":{\"@id\":\"https:\/\/honer.com.tr\/energy\/#breadcrumb\"},\"inLanguage\":\"tr\",\"potentialAction\":[{\"@type\":\"ReadAction\",\"target\":[\"https:\/\/honer.com.tr\/energy\/\"]}]},{\"@type\":\"BreadcrumbList\",\"@id\":\"https:\/\/honer.com.tr\/energy\/#breadcrumb\",\"itemListElement\":[{\"@type\":\"ListItem\",\"position\":1,\"name\":\"Anasayfa\",\"item\":\"https:\/\/honer.com.tr\/\"},{\"@type\":\"ListItem\",\"position\":2,\"name\":\"energy\"}]},{\"@type\":\"WebSite\",\"@id\":\"https:\/\/honer.com.tr\/#website\",\"url\":\"https:\/\/honer.com.tr\/\",\"name\":\"HONER\",\"description\":\"IDEA DESIGN PRINCIPLES REALITY                                                                                                                                                                           \",\"publisher\":{\"@id\":\"https:\/\/honer.com.tr\/#organization\"},\"potentialAction\":[{\"@type\":\"SearchAction\",\"target\":{\"@type\":\"EntryPoint\",\"urlTemplate\":\"https:\/\/honer.com.tr\/?s={search_term_string}\"},\"query-input\":\"required name=search_term_string\"}],\"inLanguage\":\"tr\"},{\"@type\":\"Organization\",\"@id\":\"https:\/\/honer.com.tr\/#organization\",\"name\":\"HONER\",\"url\":\"https:\/\/honer.com.tr\/\",\"logo\":{\"@type\":\"ImageObject\",\"inLanguage\":\"tr\",\"@id\":\"https:\/\/honer.com.tr\/#\/schema\/logo\/image\/\",\"url\":\"https:\/\/i0.wp.com\/honer.com.tr\/wp-content\/uploads\/2023\/09\/transparent.png?fit=800%2C800&ssl=1\",\"contentUrl\":\"https:\/\/i0.wp.com\/honer.com.tr\/wp-content\/uploads\/2023\/09\/transparent.png?fit=800%2C800&ssl=1\",\"width\":800,\"height\":800,\"caption\":\"HONER\"},\"image\":{\"@id\":\"https:\/\/honer.com.tr\/#\/schema\/logo\/image\/\"}}]}<\/script>\n<!-- \/ Yoast SEO plugin. -->","yoast_head_json":{"title":"energy - HONER","robots":{"index":"index","follow":"follow","max-snippet":"max-snippet:-1","max-image-preview":"max-image-preview:large","max-video-preview":"max-video-preview:-1"},"canonical":"https:\/\/honer.com.tr\/tr\/energy\/","og_locale":"tr_TR","og_type":"article","og_title":"energy - HONER","og_description":"Location 2020 Lomita Blvd,&nbsp;Torrance, CA 90101United States Pages Follow us Facebook Instagram Twitter Proudly powered by WordPress","og_url":"https:\/\/honer.com.tr\/tr\/energy\/","og_site_name":"HONER","article_modified_time":"2024-10-03T17:55:10+00:00","twitter_card":"summary_large_image","twitter_misc":{"Tahmini okuma s\u00fcresi":"1 dakika"},"schema":{"@context":"https:\/\/schema.org","@graph":[{"@type":"WebPage","@id":"https:\/\/honer.com.tr\/energy\/","url":"https:\/\/honer.com.tr\/energy\/","name":"energy - HONER","isPartOf":{"@id":"https:\/\/honer.com.tr\/#website"},"datePublished":"2024-10-03T13:05:22+00:00","dateModified":"2024-10-03T17:55:10+00:00","breadcrumb":{"@id":"https:\/\/honer.com.tr\/energy\/#breadcrumb"},"inLanguage":"tr","potentialAction":[{"@type":"ReadAction","target":["https:\/\/honer.com.tr\/energy\/"]}]},{"@type":"BreadcrumbList","@id":"https:\/\/honer.com.tr\/energy\/#breadcrumb","itemListElement":[{"@type":"ListItem","position":1,"name":"Anasayfa","item":"https:\/\/honer.com.tr\/"},{"@type":"ListItem","position":2,"name":"energy"}]},{"@type":"WebSite","@id":"https:\/\/honer.com.tr\/#website","url":"https:\/\/honer.com.tr\/","name":"HONER","description":"IDEA DESIGN PRINCIPLES REALITY                                                                                                                                                                           ","publisher":{"@id":"https:\/\/honer.com.tr\/#organization"},"potentialAction":[{"@type":"SearchAction","target":{"@type":"EntryPoint","urlTemplate":"https:\/\/honer.com.tr\/?s={search_term_string}"},"query-input":"required name=search_term_string"}],"inLanguage":"tr"},{"@type":"Organization","@id":"https:\/\/honer.com.tr\/#organization","name":"HONER","url":"https:\/\/honer.com.tr\/","logo":{"@type":"ImageObject","inLanguage":"tr","@id":"https:\/\/honer.com.tr\/#\/schema\/logo\/image\/","url":"https:\/\/i0.wp.com\/honer.com.tr\/wp-content\/uploads\/2023\/09\/transparent.png?fit=800%2C800&ssl=1","contentUrl":"https:\/\/i0.wp.com\/honer.com.tr\/wp-content\/uploads\/2023\/09\/transparent.png?fit=800%2C800&ssl=1","width":800,"height":800,"caption":"HONER"},"image":{"@id":"https:\/\/honer.com.tr\/#\/schema\/logo\/image\/"}}]}},"jetpack_sharing_enabled":true,"_links":{"self":[{"href":"https:\/\/honer.com.tr\/tr\/wp-json\/wp\/v2\/pages\/1285","targetHints":{"allow":["GET"]}}],"collection":[{"href":"https:\/\/honer.com.tr\/tr\/wp-json\/wp\/v2\/pages"}],"about":[{"href":"https:\/\/honer.com.tr\/tr\/wp-json\/wp\/v2\/types\/page"}],"author":[{"embeddable":true,"href":"https:\/\/honer.com.tr\/tr\/wp-json\/wp\/v2\/users\/1"}],"replies":[{"embeddable":true,"href":"https:\/\/honer.com.tr\/tr\/wp-json\/wp\/v2\/comments?post=1285"}],"version-history":[{"count":3,"href":"https:\/\/honer.com.tr\/tr\/wp-json\/wp\/v2\/pages\/1285\/revisions"}],"predecessor-version":[{"id":1290,"href":"https:\/\/honer.com.tr\/tr\/wp-json\/wp\/v2\/pages\/1285\/revisions\/1290"}],"wp:attachment":[{"href":"https:\/\/honer.com.tr\/tr\/wp-json\/wp\/v2\/media?parent=1285"}],"curies":[{"name":"wp","href":"https:\/\/api.w.org\/{rel}","templated":true}]}}